{"id":13,"date":"2022-01-16T14:26:56","date_gmt":"2022-01-16T14:26:56","guid":{"rendered":"https:\/\/healing-touch.eu\/?page_id=13"},"modified":"2022-01-22T14:14:51","modified_gmt":"2022-01-22T14:14:51","slug":"about-me","status":"publish","type":"page","link":"https:\/\/healing-touch.eu\/en\/about-me","title":{"rendered":"About me"},"content":{"rendered":"<style>\/*! elementor - v3.5.3 - 28-12-2021 *\/\n.elementor-widget-image{text-align:center}.elementor-widget-image a{display:inline-block}.elementor-widget-image a img[src$=\".svg\"]{width:48px}.elementor-widget-image img{vertical-align:middle;display:inline-block}<\/style>\n<p>\t\t\t\t\t\t\t\t\t\t\t\t<img decoding=\"async\" width=\"963\" height=\"1427\" src=\"https:\/\/healing-touch.eu\/wp-content\/uploads\/2022\/01\/20191019_180049.jpg\" alt=\"\" loading=\"lazy\" srcset=\"https:\/\/healing-touch.eu\/wp-content\/uploads\/2022\/01\/20191019_180049.jpg 963w, https:\/\/healing-touch.eu\/wp-content\/uploads\/2022\/01\/20191019_180049-202x300.jpg 202w, https:\/\/healing-touch.eu\/wp-content\/uploads\/2022\/01\/20191019_180049-691x1024.jpg 691w, https:\/\/healing-touch.eu\/wp-content\/uploads\/2022\/01\/20191019_180049-768x1138.jpg 768w\" sizes=\"auto, (max-width: 963px) 100vw, 963px\" \/>\t\t\t\t\t\t\t\t\t\t\t\t\t\t\t<\/p>\n<style>\/*! elementor - v3.5.3 - 28-12-2021 *\/\n.elementor-heading-title{padding:0;margin:0;line-height:1}.elementor-widget-heading .elementor-heading-title[class*=elementor-size-]>a{color:inherit;font-size:inherit;line-height:inherit}.elementor-widget-heading .elementor-heading-title.elementor-size-small{font-size:15px}.elementor-widget-heading .elementor-heading-title.elementor-size-medium{font-size:19px}.elementor-widget-heading .elementor-heading-title.elementor-size-large{font-size:29px}.elementor-widget-heading .elementor-heading-title.elementor-size-xl{font-size:39px}.elementor-widget-heading .elementor-heading-title.elementor-size-xxl{font-size:59px}<\/style>\n<h1>\u00dcber mich<\/h1>\n<h2>Geboren wurde ich 1965. Seit 1994 arbeite ich erfolgreich als Stuntman. 2013 traf ich auf die Meditation, die mein Leben (positiv), v\u00f6llig auf den Kopf stellte. Mit der Kunst Jin Shin Jyutsu kam ich 2014 in Ber\u00fchrung. In dieser Zeit begann meine bewu\u00dfte spirituelle Reise in meinem Leben. Meine Erfahrungen und Eindr\u00fccke die ich in meinem Leben gesammelt habe, lasse ich in meine Behandlungen einflie\u00dfen. Meine innere Verbindung zu dem was da ist, wird jedem von Nutzen sein, der sich von mir behandeln l\u00e4sst.<\/h2>\n<h1>Markus Ren\u00e9 P\u00fctterich<br \/>\n<\/h1>\n<h1>JIN SHIN JYUTSU PRACTITIONER<\/h1>\n","protected":false},"excerpt":{"rendered":"<p>\u00dcber mich Geboren wurde ich 1965. Seit 1994 arbeite ich erfolgreich als Stuntman. 2013 traf ich auf die Meditation, die mein Leben (positiv), v\u00f6llig auf den Kopf stellte. Mit der Kunst Jin Shin Jyutsu kam ich 2014 in Ber\u00fchrung. In dieser Zeit begann meine bewu\u00dfte spirituelle Reise in meinem Leben. Meine Erfahrungen und Eindr\u00fccke die [&hellip;]<\/p>\n","protected":false},"author":2,"featured_media":0,"parent":0,"menu_order":0,"comment_status":"closed","ping_status":"closed","template":"elementor_header_footer","meta":{"footnotes":""},"class_list":["post-13","page","type-page","status-publish","hentry","entry"],"_links":{"self":[{"href":"https:\/\/healing-touch.eu\/en\/wp-json\/wp\/v2\/pages\/13","targetHints":{"allow":["GET"]}}],"collection":[{"href":"https:\/\/healing-touch.eu\/en\/wp-json\/wp\/v2\/pages"}],"about":[{"href":"https:\/\/healing-touch.eu\/en\/wp-json\/wp\/v2\/types\/page"}],"author":[{"embeddable":true,"href":"https:\/\/healing-touch.eu\/en\/wp-json\/wp\/v2\/users\/2"}],"replies":[{"embeddable":true,"href":"https:\/\/healing-touch.eu\/en\/wp-json\/wp\/v2\/comments?post=13"}],"version-history":[{"count":21,"href":"https:\/\/healing-touch.eu\/en\/wp-json\/wp\/v2\/pages\/13\/revisions"}],"predecessor-version":[{"id":399,"href":"https:\/\/healing-touch.eu\/en\/wp-json\/wp\/v2\/pages\/13\/revisions\/399"}],"wp:attachment":[{"href":"https:\/\/healing-touch.eu\/en\/wp-json\/wp\/v2\/media?parent=13"}],"curies":[{"name":"wp","href":"https:\/\/api.w.org\/{rel}","templated":true}]}}