{"id":14,"date":"2022-01-16T14:26:56","date_gmt":"2022-01-16T14:26:56","guid":{"rendered":"https:\/\/healing-touch.eu\/?page_id=14"},"modified":"2022-05-24T10:03:16","modified_gmt":"2022-05-24T10:03:16","slug":"treatment","status":"publish","type":"page","link":"https:\/\/healing-touch.eu\/en\/treatment","title":{"rendered":"Treatment"},"content":{"rendered":"<style>\/*! elementor - v3.6.5 - 27-04-2022 *\/\n.elementor-widget-image{text-align:center}.elementor-widget-image a{display:inline-block}.elementor-widget-image a img[src$=\".svg\"]{width:48px}.elementor-widget-image img{vertical-align:middle;display:inline-block}<\/style>\n<p>\t\t\t\t\t\t\t\t\t\t\t\t<img decoding=\"async\" width=\"1024\" height=\"768\" src=\"https:\/\/healing-touch.eu\/wp-content\/uploads\/2022\/01\/Praxis1-1024x768-1.jpg\" alt=\"\" loading=\"lazy\" srcset=\"https:\/\/healing-touch.eu\/wp-content\/uploads\/2022\/01\/Praxis1-1024x768-1.jpg 1024w, https:\/\/healing-touch.eu\/wp-content\/uploads\/2022\/01\/Praxis1-1024x768-1-300x225.jpg 300w, https:\/\/healing-touch.eu\/wp-content\/uploads\/2022\/01\/Praxis1-1024x768-1-768x576.jpg 768w\" sizes=\"auto, (max-width: 1024px) 100vw, 1024px\" \/><br \/>\n\t\t\t\t\t\t\t\t\t\t\t\t\t\t\t<img decoding=\"async\" width=\"1024\" height=\"768\" src=\"https:\/\/healing-touch.eu\/wp-content\/uploads\/2022\/01\/20191108_153639-1024x768-1.jpg\" alt=\"\" loading=\"lazy\" srcset=\"https:\/\/healing-touch.eu\/wp-content\/uploads\/2022\/01\/20191108_153639-1024x768-1.jpg 1024w, https:\/\/healing-touch.eu\/wp-content\/uploads\/2022\/01\/20191108_153639-1024x768-1-300x225.jpg 300w, https:\/\/healing-touch.eu\/wp-content\/uploads\/2022\/01\/20191108_153639-1024x768-1-768x576.jpg 768w\" sizes=\"auto, (max-width: 1024px) 100vw, 1024px\" \/>\t\t\t\t\t\t\t\t\t\t\t\t\t\t\t<\/p>\n<style>\/*! elementor - v3.6.5 - 27-04-2022 *\/\n.elementor-heading-title{padding:0;margin:0;line-height:1}.elementor-widget-heading .elementor-heading-title[class*=elementor-size-]>a{color:inherit;font-size:inherit;line-height:inherit}.elementor-widget-heading .elementor-heading-title.elementor-size-small{font-size:15px}.elementor-widget-heading .elementor-heading-title.elementor-size-medium{font-size:19px}.elementor-widget-heading .elementor-heading-title.elementor-size-large{font-size:29px}.elementor-widget-heading .elementor-heading-title.elementor-size-xl{font-size:39px}.elementor-widget-heading .elementor-heading-title.elementor-size-xxl{font-size:59px}<\/style>\n<h2>Behandlung mit Jin Shin Jyutsu<\/h2>\n<style>\/*! elementor - v3.6.5 - 27-04-2022 *\/\n.e-container.e-container--row .elementor-spacer-inner{width:var(--spacer-size)}.e-container.e-container--column .elementor-spacer-inner,.elementor-column .elementor-spacer-inner{height:var(--spacer-size)}<\/style>\n<h2>F\u00fcr mich bedeutet Jin Shin Jyutsu eine wertvolle und bedeutende<br \/>\nErg\u00e4nzung zu herk\u00f6mmlichen Heilmethoden, da es eine tiefe Entspannung<br \/>\nbewirkt und die Auswirkung von Stress vermindert. Jin Shin Jyutsu<br \/>\nbeinhaltet keine Massage, keine Manipulation, keine Analysen und Tests<br \/>\noder Verwendung von Medikamenten. Eine sanfte Ber\u00fchrung (auf der<br \/>\nKleidung) aktiviert den Fluss der g\u00f6ttlichen Energie die zur Heilung<br \/>\nf\u00fchren kann. Durch das Auflegen der H\u00e4nde auf die im K\u00f6rper befindlichen<br \/>\n Energie-Schl\u00f6sser, wird eine Art Funken (Energie) in Bewegung gebracht,<br \/>\n die den nat\u00fcrlichen Energiebahnen folgt. Sollten sich auf dem Weg<br \/>\nBlockaden befinden, k\u00f6nnen diese aufgel\u00f6st, umgewandelt oder beseitigt<br \/>\nwerden, so da\u00df K\u00f6rper, Geist und Seele wieder in seinen urspr\u00fcnglichen<br \/>\nZustand der Harmonie kommen.<\/h2>\n<h2>Behandlungsdauer<\/h2>\n<h2>Um eine tiefgreifende Ver\u00e4nderung in Gang zu setzen, empfehle ich drei Behandlungen an drei aufeinander folgenden Tagen. Bei akuten Erkrankungen ist es sinnvoll, so oft wie m\u00f6glich zu str\u00f6men. Bei chronischen Erkrankungen empfiehlt es sich, \u00fcber einen l\u00e4ngeren Zeitraum zwei- drei mal am Tag zu str\u00f6men. Auch hier beginnt die Heilung jedoch mit dem ersten Schritt bzw. mit der ersten Behandlung. Jede Behandlung dauert ca. 1 Stunde. <\/h2>\n","protected":false},"excerpt":{"rendered":"<p>Behandlung mit Jin Shin Jyutsu F\u00fcr mich bedeutet Jin Shin Jyutsu eine wertvolle und bedeutende Erg\u00e4nzung zu herk\u00f6mmlichen Heilmethoden, da es eine tiefe Entspannung bewirkt und die Auswirkung von Stress vermindert. Jin Shin Jyutsu beinhaltet keine Massage, keine Manipulation, keine Analysen und Tests oder Verwendung von Medikamenten. Eine sanfte Ber\u00fchrung (auf der Kleidung) aktiviert den [&hellip;]<\/p>\n","protected":false},"author":2,"featured_media":0,"parent":0,"menu_order":0,"comment_status":"closed","ping_status":"closed","template":"elementor_header_footer","meta":{"footnotes":""},"class_list":["post-14","page","type-page","status-publish","hentry","entry"],"_links":{"self":[{"href":"https:\/\/healing-touch.eu\/en\/wp-json\/wp\/v2\/pages\/14","targetHints":{"allow":["GET"]}}],"collection":[{"href":"https:\/\/healing-touch.eu\/en\/wp-json\/wp\/v2\/pages"}],"about":[{"href":"https:\/\/healing-touch.eu\/en\/wp-json\/wp\/v2\/types\/page"}],"author":[{"embeddable":true,"href":"https:\/\/healing-touch.eu\/en\/wp-json\/wp\/v2\/users\/2"}],"replies":[{"embeddable":true,"href":"https:\/\/healing-touch.eu\/en\/wp-json\/wp\/v2\/comments?post=14"}],"version-history":[{"count":35,"href":"https:\/\/healing-touch.eu\/en\/wp-json\/wp\/v2\/pages\/14\/revisions"}],"predecessor-version":[{"id":539,"href":"https:\/\/healing-touch.eu\/en\/wp-json\/wp\/v2\/pages\/14\/revisions\/539"}],"wp:attachment":[{"href":"https:\/\/healing-touch.eu\/en\/wp-json\/wp\/v2\/media?parent=14"}],"curies":[{"name":"wp","href":"https:\/\/api.w.org\/{rel}","templated":true}]}}