{"id":15,"date":"2022-01-16T14:26:56","date_gmt":"2022-01-16T14:26:56","guid":{"rendered":"https:\/\/healing-touch.eu\/?page_id=15"},"modified":"2022-05-24T10:08:42","modified_gmt":"2022-05-24T10:08:42","slug":"spiritual-treatmet","status":"publish","type":"page","link":"https:\/\/healing-touch.eu\/en\/spiritual-treatmet","title":{"rendered":"Spiritual distance treatment"},"content":{"rendered":"<style>\/*! elementor - v3.6.5 - 27-04-2022 *\/\n.elementor-heading-title{padding:0;margin:0;line-height:1}.elementor-widget-heading .elementor-heading-title[class*=elementor-size-]>a{color:inherit;font-size:inherit;line-height:inherit}.elementor-widget-heading .elementor-heading-title.elementor-size-small{font-size:15px}.elementor-widget-heading .elementor-heading-title.elementor-size-medium{font-size:19px}.elementor-widget-heading .elementor-heading-title.elementor-size-large{font-size:29px}.elementor-widget-heading .elementor-heading-title.elementor-size-xl{font-size:39px}.elementor-widget-heading .elementor-heading-title.elementor-size-xxl{font-size:59px}<\/style>\n<h2>Geistige Fernbehandlung<\/h2>\n<h2>Bei einer geistigen Fernbehandlung ist es nicht n\u00f6tig pers\u00f6nlich anwesend zu sein. Der Klient liegt oder sitzt w\u00e4hrend der geistigen Fernbehandlung, entspannt zu Hause oder wo auch er immer sich gerade aufh\u00e4lt. Die Distanz spielt keine Rolle. Wir vereinbahren einen Termin, f\u00fcr den Sie eine Stunde Zeit ben\u00f6tigen. Eine geistige Fernbehandlung steht einer Behandlung vor Ort in nichts nach. Die R\u00fcckmeldungen meiner Klienten sprechen f\u00fcr sich!<\/h2>\n<h2>Wie funktioniert eine geistige<br \/>\nFernbehandlung<\/h2>\n<h2>Jedes Wesen tr\u00e4gt einen g\u00f6ttlichen Funken in sich, mit dem er, mit allem was da ist, vebunden ist. Der Sitz dieses Funken ist das Herz. Die g\u00f6ttliche Liebe. Hier spielt weder Zeit noch Raum, Geschlecht, Hautfarbe und Herkunft eine Rolle. In dieser g\u00f6ttlichen Energie ist es m\u00f6glich heilende Energie durch Raum und Zeit zu \u00fcbertragen, unabh\u00e4ngig vom Aufenthaltsort des K\u00f6rpers zu mir.<\/h2>\n<h2>Die geistige Fernbehandlung wird<br \/>\nangewandt wenn:<\/h2>\n<h2>Sie nicht in der N\u00e4he wohnen, in einer anderen Stadt, einem anderen Land oder auf einem anderen Kontinent leben.<br \/>\nIm Urlaub sind, im Krankenhaus oder keine M\u00f6glichkeit haben pers\u00f6nlich vorbei zu kommen.<br \/>\nBei Menschen, Kindern und Tieren die nicht angefasst werden wollen oder k\u00f6nnen.<\/h2>\n<style>\/*! elementor - v3.6.5 - 27-04-2022 *\/\n.elementor-widget-image{text-align:center}.elementor-widget-image a{display:inline-block}.elementor-widget-image a img[src$=\".svg\"]{width:48px}.elementor-widget-image img{vertical-align:middle;display:inline-block}<\/style>\n<p>\t\t\t\t\t\t\t\t\t\t\t\t<img decoding=\"async\" width=\"700\" height=\"600\" src=\"https:\/\/healing-touch.eu\/wp-content\/uploads\/2022\/01\/Praxis2-scaled-ogptoli32mlo27c2l1fvvkkip572hjhqvkkyb09xm8.jpg\" alt=\"\" loading=\"lazy\" srcset=\"https:\/\/healing-touch.eu\/wp-content\/uploads\/2022\/01\/Praxis2-scaled-ogptoli32mlo27c2l1fvvkkip572hjhqvkkyb09xm8.jpg 700w, https:\/\/healing-touch.eu\/wp-content\/uploads\/2022\/01\/Praxis2-scaled-ogptoli32mlo27c2l1fvvkkip572hjhqvkkyb09xm8-300x257.jpg 300w\" sizes=\"auto, (max-width: 700px) 100vw, 700px\" \/><\/p>\n","protected":false},"excerpt":{"rendered":"<p>Geistige Fernbehandlung Bei einer geistigen Fernbehandlung ist es nicht n\u00f6tig pers\u00f6nlich anwesend zu sein. Der Klient liegt oder sitzt w\u00e4hrend der geistigen Fernbehandlung, entspannt zu Hause oder wo auch er immer sich gerade aufh\u00e4lt. Die Distanz spielt keine Rolle. Wir vereinbahren einen Termin, f\u00fcr den Sie eine Stunde Zeit ben\u00f6tigen. Eine geistige Fernbehandlung steht einer [&hellip;]<\/p>\n","protected":false},"author":2,"featured_media":0,"parent":0,"menu_order":0,"comment_status":"closed","ping_status":"closed","template":"elementor_header_footer","meta":{"footnotes":""},"class_list":["post-15","page","type-page","status-publish","hentry","entry"],"_links":{"self":[{"href":"https:\/\/healing-touch.eu\/en\/wp-json\/wp\/v2\/pages\/15","targetHints":{"allow":["GET"]}}],"collection":[{"href":"https:\/\/healing-touch.eu\/en\/wp-json\/wp\/v2\/pages"}],"about":[{"href":"https:\/\/healing-touch.eu\/en\/wp-json\/wp\/v2\/types\/page"}],"author":[{"embeddable":true,"href":"https:\/\/healing-touch.eu\/en\/wp-json\/wp\/v2\/users\/2"}],"replies":[{"embeddable":true,"href":"https:\/\/healing-touch.eu\/en\/wp-json\/wp\/v2\/comments?post=15"}],"version-history":[{"count":38,"href":"https:\/\/healing-touch.eu\/en\/wp-json\/wp\/v2\/pages\/15\/revisions"}],"predecessor-version":[{"id":548,"href":"https:\/\/healing-touch.eu\/en\/wp-json\/wp\/v2\/pages\/15\/revisions\/548"}],"wp:attachment":[{"href":"https:\/\/healing-touch.eu\/en\/wp-json\/wp\/v2\/media?parent=15"}],"curies":[{"name":"wp","href":"https:\/\/api.w.org\/{rel}","templated":true}]}}