{"id":16,"date":"2022-01-16T14:26:56","date_gmt":"2022-01-16T14:26:56","guid":{"rendered":"https:\/\/healing-touch.eu\/?page_id=16"},"modified":"2022-05-24T12:37:15","modified_gmt":"2022-05-24T12:37:15","slug":"application-areas","status":"publish","type":"page","link":"https:\/\/healing-touch.eu\/en\/application-areas","title":{"rendered":"Areas of application"},"content":{"rendered":"<ul>\n<li>Mourning<\/li>\n<li>Allergies<\/li>\n<li>Alzheimer's disease<\/li>\n<li>Fear<\/li>\n<li>Tension<\/li>\n<li>Aggravation<\/li>\n<li>Osteoarthritis \/ Arthritis<\/li>\n<li>Asthma \/ Breathing Problems<\/li>\n<li>Attention deficit disorder<\/li>\n<li>Eye discomfort<\/li>\n<li>Charisma (weakness)<\/li>\n<li>Autoimmune diseases<\/li>\n<\/ul>\n<ul>\n<li>Disc prolapse (herniated disk)<\/li>\n<li>Blockages<\/li>\n<li>Exhaustive effort<\/li>\n<li>Bed-wetting<\/li>\n<li>Leg discomfort<\/li>\n<li>Relationship problems<\/li>\n<li>Connective tissue issues<\/li>\n<li>Stomach pain<\/li>\n<li>Blood pressure \/ high blood pressure<\/li>\n<li>Burn blisters<\/li>\n<li>Bronchitis<\/li>\n<li>Unconsciousness<\/li>\n<\/ul>\n<ul>\n<li>Boreout Syndrome<\/li>\n<li>Burnout<\/li>\n<li>Intestinal diseases<\/li>\n<li>Thinking difficulties<\/li>\n<li>Depression<\/li>\n<li>Diabetes<\/li>\n<li>Disharmony<\/li>\n<li>Diarrhea<\/li>\n<li>Dementia<\/li>\n<li>Three-day fever<\/li>\n<li>Detoxification<\/li>\n<li>Outside influences<\/li>\n<\/ul>\n<ul>\n<li>Pus<\/li>\n<li>Decision making<\/li>\n<li>Relaxation<\/li>\n<li>Development<\/li>\n<li>Common cold<\/li>\n<li>Exhaustion<\/li>\n<li>Eating habits<\/li>\n<li>Frostbite<\/li>\n<li>Fever<\/li>\n<li>Fear of flying<\/li>\n<li>Fast<\/li>\n<li>Reproductive organs<\/li>\n<\/ul>\n<ul>\n<li>Fertility<\/li>\n<li>Foot pain<\/li>\n<li>Emotional issues<\/li>\n<li>Facial pain<\/li>\n<li>Facial paralysis<\/li>\n<li>Skin disease<\/li>\n<li>Cravings<\/li>\n<li>Cough<\/li>\n<li>Heart-, cardiovascular-, circulatory system<\/li>\n<li>Heart attack<\/li>\n<li>Hay fever<\/li>\n<li>Hot flashes<\/li>\n<\/ul>\n<ul>\n<li>Stroke<\/li>\n<li>Hip discomfort<\/li>\n<li>Immune system<\/li>\n<li>Inspiration<\/li>\n<li>Intuition<\/li>\n<li>Sciatica<\/li>\n<li>Impotence<\/li>\n<li>Itching<\/li>\n<li>Jaw discomfort<\/li>\n<li>Claustrophobia<\/li>\n<li>Broken bones<\/li>\n<li>Colic<\/li>\n<\/ul>\n<ul>\n<li>Coma<\/li>\n<li>Headache<\/li>\n<li>Head injury<\/li>\n<li>Creativity<\/li>\n<li>Circulation<\/li>\n<li>Shortness of breath<\/li>\n<li>Whooping cough<\/li>\n<li>Life energy<\/li>\n<li>Meaning of life<\/li>\n<li>Hernia<\/li>\n<li>Learning disabilities<\/li>\n<li>Lungs<\/li>\n<\/ul>\n<ul>\n<li>Letting go<\/li>\n<li>Lymphatic system<\/li>\n<li>Stomach pain<\/li>\n<li>Meditation<\/li>\n<li>Menstrual cramps<\/li>\n<li>Midlife Crisis<\/li>\n<li>Migraine<\/li>\n<li>Middle ear infections<\/li>\n<li>Compassion<\/li>\n<li>Fatigue<\/li>\n<li>Muscle injury<\/li>\n<li>Anesthesia<\/li>\n<\/ul>\n<ul>\n<li>Nosebleeds<\/li>\n<li>Nervousness<\/li>\n<li>Neurosis<\/li>\n<li>Kidneys<\/li>\n<li>Earache<\/li>\n<li>Organ functions<\/li>\n<li>Panic attacks<\/li>\n<li>Parkinson&#039;s disease<\/li>\n<li>Phantom pain<\/li>\n<li>Psyche<\/li>\n<li>Puberty<\/li>\n<li>Sore throat<\/li>\n<\/ul>\n<ul>\n<li>Cough<\/li>\n<li>Back pain<\/li>\n<li>Irritable bowel syndrome<\/li>\n<li>Irritable stomach<\/li>\n<li>Rheumatism<\/li>\n<li>Strokes of fate<\/li>\n<li>Thyroid<\/li>\n<li>Insomnia<\/li>\n<li>Stroke<\/li>\n<li>Hiccups<\/li>\n<li>Pain<\/li>\n<li>Snoring<\/li>\n<\/ul>\n<ul>\n<li>Shock<\/li>\n<li>Shoulder pain<\/li>\n<li>Pregnancy breech position<\/li>\n<li>Deafness<\/li>\n<li>Dizziness<\/li>\n<li>Self-consciousness<\/li>\n<li>Self-knowledge<\/li>\n<li>Self-healing powers<\/li>\n<li>Senility<\/li>\n<li>Sexuality<\/li>\n<li>Worries<\/li>\n<li>Mood swings<\/li>\n<\/ul>\n<ul>\n<li>Stress<\/li>\n<li>Deafness<\/li>\n<li>Tobacco addiction<\/li>\n<li>Grief<\/li>\n<li>Tinnitus<\/li>\n<li>Tennis elbow<\/li>\n<li>Hypersensitivity<\/li>\n<li>Uncertainty<\/li>\n<li>Malaise<\/li>\n<li>Basic trust<\/li>\n<li>Responsibility<\/li>\n<li>Burns<\/li>\n<\/ul>\n<ul>\n<li>Digestion<\/li>\n<li>Hardening of the arteries<\/li>\n<li>Injuries<\/li>\n<li>Tension<\/li>\n<li>Sprains<\/li>\n<li>Upsets<\/li>\n<li>Decreased Libido<\/li>\n<li>Constipation<\/li>\n<li>Menopause<\/li>\n<li>Fury<\/li>\n<li>Toothache<\/li>\n<li>Fear of the dentist<\/li>\n<\/ul>","protected":false},"excerpt":{"rendered":"<p>Abschied Allergien Alzheimer Angst Anspannung \u00c4rger Arthrose \/ Arthritis Asthma \/ Atemproblemen Aufmerksamkeitst\u00f6rung Augenbeschwerden Ausstrahlung (Schw\u00e4che) Autoimmerkrankungen Bandscheibenvorfall Blockaden Bem\u00fchung Bettn\u00e4ssen Beinbeschwerden Beziehungsproblemen Bindegewebe Bauchschmerzen Blutdruck \/ Bluthochdruck Brandblasen Bronchitis Bewusstlosigkeit Boreout \u2013 Syndrom Burnout Darmerkrankungen Denken Depressionen Diabetes Disharmonie Durchfall Demenz Dreitagefieber Entgiftung Einfl\u00fcssen Eiter Entscheidungen Entspannung Entwicklung Erk\u00e4ltung Ersch\u00f6pfung Essgewohnheiten Erfrierungen Fieber Flugangst [&hellip;]<\/p>\n","protected":false},"author":2,"featured_media":0,"parent":0,"menu_order":0,"comment_status":"closed","ping_status":"closed","template":"elementor_header_footer","meta":{"footnotes":""},"class_list":["post-16","page","type-page","status-publish","hentry","entry"],"_links":{"self":[{"href":"https:\/\/healing-touch.eu\/en\/wp-json\/wp\/v2\/pages\/16","targetHints":{"allow":["GET"]}}],"collection":[{"href":"https:\/\/healing-touch.eu\/en\/wp-json\/wp\/v2\/pages"}],"about":[{"href":"https:\/\/healing-touch.eu\/en\/wp-json\/wp\/v2\/types\/page"}],"author":[{"embeddable":true,"href":"https:\/\/healing-touch.eu\/en\/wp-json\/wp\/v2\/users\/2"}],"replies":[{"embeddable":true,"href":"https:\/\/healing-touch.eu\/en\/wp-json\/wp\/v2\/comments?post=16"}],"version-history":[{"count":27,"href":"https:\/\/healing-touch.eu\/en\/wp-json\/wp\/v2\/pages\/16\/revisions"}],"predecessor-version":[{"id":566,"href":"https:\/\/healing-touch.eu\/en\/wp-json\/wp\/v2\/pages\/16\/revisions\/566"}],"wp:attachment":[{"href":"https:\/\/healing-touch.eu\/en\/wp-json\/wp\/v2\/media?parent=16"}],"curies":[{"name":"wp","href":"https:\/\/api.w.org\/{rel}","templated":true}]}}