{"id":17,"date":"2022-01-16T14:26:56","date_gmt":"2022-01-16T14:26:56","guid":{"rendered":"https:\/\/healing-touch.eu\/?page_id=17"},"modified":"2022-01-23T13:15:52","modified_gmt":"2022-01-23T13:15:52","slug":"jin-shin-jyutsu","status":"publish","type":"page","link":"https:\/\/healing-touch.eu\/en\/jin-shin-jyutsu","title":{"rendered":"Jin Shin Jyutsu"},"content":{"rendered":"<style>\/*! elementor - v3.5.3 - 28-12-2021 *\/<br \/>\n.elementor-heading-title{padding:0;margin:0;line-height:1}.elementor-widget-heading .elementor-heading-title[class*=elementor-size-]>a{color:inherit;font-size:inherit;line-height:inherit}.elementor-widget-heading .elementor-heading-title.elementor-size-small{font-size:15px}.elementor-widget-heading .elementor-heading-title.elementor-size-medium{font-size:19px}.elementor-widget-heading .elementor-heading-title.elementor-size-large{font-size:29px}.elementor-widget-heading .elementor-heading-title.elementor-size-xl{font-size:39px}.elementor-widget-heading .elementor-heading-title.elementor-size-xxl{font-size:59px}<\/style>\n<h2>Jin Shin Jyutsu<\/h2>\n<p>Jin Shin Jyutsu Physio-Philosophie ist eine mehrere tausend Jahre alte Kunst zur Harmonisierung<br \/>\nder Lebensenergie im K\u00f6rper. Alten Aufzeichnungen zufolge, die in den Archiven des kaiserlichen Palastes in Japan aufbewahrt werden, war Jin Shin Jyutsu bereits vor der Geburt des Gautama Buddha in Indien und der von Moses, weit verbreitet (s. Kojiki, Aufzeichnung der Alten Dinge, Japan, A.D. 712). Jin Shin Jyutsu ist ein angeborener Teil menschlicher Weisheit.Entstanden aus innerer Weisheit und von Generation zu Generation m\u00fcndlich \u00fcberliefert, war diese Kunst weitgehend in Vergessenheit geraten, als sie zu Anfang des 20. Jahrhunderts von Meister Jiro Murai in Japan neu belebt wurde. Seine Sch\u00fclerin Mary Burmeister verbreitete Jin Shin Jyutsu auf der ganzen Welt.<\/p>\n<style>\/*! elementor - v3.5.3 - 28-12-2021 *\/<br \/>\n.elementor-widget-image{text-align:center}.elementor-widget-image a{display:inline-block}.elementor-widget-image a img[src$=\".svg\"]{width:48px}.elementor-widget-image img{vertical-align:middle;display:inline-block}<\/style>\n<p><img loading=\"lazy\" decoding=\"async\" src=\"https:\/\/healing-touch.eu\/wp-content\/uploads\/2022\/01\/20190804_181015-scaled-ogsoa78ub7acvrumpam32ufit5gv0jez9mjeacrx5s.jpeg\" sizes=\"auto, (max-width: 500px) 100vw, 500px\" srcset=\"https:\/\/healing-touch.eu\/wp-content\/uploads\/2022\/01\/20190804_181015-scaled-ogsoa78ub7acvrumpam32ufit5gv0jez9mjeacrx5s.jpeg 500w, https:\/\/healing-touch.eu\/wp-content\/uploads\/2022\/01\/20190804_181015-scaled-ogsoa78ub7acvrumpam32ufit5gv0jez9mjeacrx5s-300x240.jpeg 300w\" alt=\"\" width=\"500\" height=\"400\" \/><br \/>\nJin Shin Jyutsu arbeitet mit sechsundzwanzig \u201eSicherheits\u201c-Energieschl\u00f6ssern auf jeder K\u00f6rperseite innerhalb der Energiebahnen, die Leben in unseren K\u00f6rper bringen. Werden eine oder mehrere dieser Bahnen blockiert, kann die sich daraus ergebende Stagnation den Energiefluss in der betreffenden Zone unterbrechen und letztlich das gesamte Energiestr\u00f6mungsmuster durcheinanderbringen. Bestimmte Kombinationen der Energieschl\u00f6sser zu halten, kann uns seelisch, k\u00f6rperlich und geistig wieder ausbalancieren.<\/p>\n","protected":false},"excerpt":{"rendered":"<p>Jin Shin Jyutsu Jin Shin Jyutsu Physio-Philosophie ist eine mehrere tausend Jahre alte Kunst zur Harmonisierung der Lebensenergie im K\u00f6rper. Alten Aufzeichnungen zufolge, die in den Archiven des kaiserlichen Palastes in Japan aufbewahrt werden, war Jin Shin Jyutsu bereits vor der Geburt des Gautama Buddha in Indien und der von Moses, weit verbreitet (s. Kojiki, [&hellip;]<\/p>\n","protected":false},"author":2,"featured_media":0,"parent":0,"menu_order":0,"comment_status":"closed","ping_status":"closed","template":"elementor_header_footer","meta":{"footnotes":""},"class_list":["post-17","page","type-page","status-publish","hentry","entry"],"_links":{"self":[{"href":"https:\/\/healing-touch.eu\/en\/wp-json\/wp\/v2\/pages\/17","targetHints":{"allow":["GET"]}}],"collection":[{"href":"https:\/\/healing-touch.eu\/en\/wp-json\/wp\/v2\/pages"}],"about":[{"href":"https:\/\/healing-touch.eu\/en\/wp-json\/wp\/v2\/types\/page"}],"author":[{"embeddable":true,"href":"https:\/\/healing-touch.eu\/en\/wp-json\/wp\/v2\/users\/2"}],"replies":[{"embeddable":true,"href":"https:\/\/healing-touch.eu\/en\/wp-json\/wp\/v2\/comments?post=17"}],"version-history":[{"count":8,"href":"https:\/\/healing-touch.eu\/en\/wp-json\/wp\/v2\/pages\/17\/revisions"}],"predecessor-version":[{"id":486,"href":"https:\/\/healing-touch.eu\/en\/wp-json\/wp\/v2\/pages\/17\/revisions\/486"}],"wp:attachment":[{"href":"https:\/\/healing-touch.eu\/en\/wp-json\/wp\/v2\/media?parent=17"}],"curies":[{"name":"wp","href":"https:\/\/api.w.org\/{rel}","templated":true}]}}