{"id":6,"date":"2022-01-16T13:55:31","date_gmt":"2022-01-16T13:55:31","guid":{"rendered":"https:\/\/healing-touch.eu\/?page_id=6"},"modified":"2022-05-25T06:59:58","modified_gmt":"2022-05-25T06:59:58","slug":"home","status":"publish","type":"page","link":"https:\/\/healing-touch.eu\/en\/","title":{"rendered":"Home"},"content":{"rendered":"<style>\/*! elementor - v3.6.5 - 27-04-2022 *\/\n.elementor-heading-title{padding:0;margin:0;line-height:1}.elementor-widget-heading .elementor-heading-title[class*=elementor-size-]>a{color:inherit;font-size:inherit;line-height:inherit}.elementor-widget-heading .elementor-heading-title.elementor-size-small{font-size:15px}.elementor-widget-heading .elementor-heading-title.elementor-size-medium{font-size:19px}.elementor-widget-heading .elementor-heading-title.elementor-size-large{font-size:29px}.elementor-widget-heading .elementor-heading-title.elementor-size-xl{font-size:39px}.elementor-widget-heading .elementor-heading-title.elementor-size-xxl{font-size:59px}<\/style>\n<h2>Healing Touch<br \/>\n <br \/>\nJin Shin Jyutsu<\/h2>\n<p class=\"responsive-video-wrap clr\"><iframe loading=\"lazy\" title=\"HealingTouch Jin Shin Jyutsu Die Kunst der Heilenden Ber\u00fchrung\" width=\"1200\" height=\"900\" src=\"https:\/\/www.youtube.com\/embed\/D4n1Fll-dsY?feature=oembed\" frameborder=\"0\" allow=\"accelerometer; autoplay; clipboard-write; encrypted-media; gyroscope; picture-in-picture\" allowfullscreen><\/iframe><\/p>\n<h2>Eine Jahrtausende<br \/>\nalte Heilkunst<\/h2>\n<h6>Schon die alten \u00c4gypter und Inder waren sich dieser kraftvollen Kunst bewu\u00dft.<\/h6>\n<p>\t\t\t<a href=\"https:\/\/healing-touch.eu\/jin-shin-jyutsu\" role=\"button\"><br \/>\n\t\t\t\t\t\tMEHR INFO<br \/>\n\t\t\t\t\t<\/a><\/p>\n<style>\/*! elementor - v3.6.5 - 27-04-2022 *\/\n.elementor-widget-image{text-align:center}.elementor-widget-image a{display:inline-block}.elementor-widget-image a img[src$=\".svg\"]{width:48px}.elementor-widget-image img{vertical-align:middle;display:inline-block}<\/style>\n<p>\t\t\t\t\t\t\t\t\t\t\t\t<img decoding=\"async\" width=\"225\" height=\"300\" src=\"https:\/\/healing-touch.eu\/wp-content\/uploads\/2022\/01\/20191108_154429-225x300-1.jpg\" alt=\"\" loading=\"lazy\" \/><br \/>\n\t\t\t\t\t\t\t\t\t\t\t\t\t\t\t<img decoding=\"async\" width=\"1024\" height=\"768\" src=\"https:\/\/healing-touch.eu\/wp-content\/uploads\/2022\/01\/Praxis1-1024x768-1.jpg\" alt=\"\" loading=\"lazy\" srcset=\"https:\/\/healing-touch.eu\/wp-content\/uploads\/2022\/01\/Praxis1-1024x768-1.jpg 1024w, https:\/\/healing-touch.eu\/wp-content\/uploads\/2022\/01\/Praxis1-1024x768-1-300x225.jpg 300w, https:\/\/healing-touch.eu\/wp-content\/uploads\/2022\/01\/Praxis1-1024x768-1-768x576.jpg 768w\" sizes=\"auto, (max-width: 1024px) 100vw, 1024px\" \/>\t\t\t\t\t\t\t\t\t\t\t\t\t\t\t<\/p>\n<h1>Das sogenannte Str\u00f6men<br \/>\n<\/h1>\n<h2>\nDurch das Auflegen der H\u00e4nde auf die sich im K\u00f6rper befindlichen Energie-Schl\u00f6sser, wird eine Art Funken (Energie) in Bewegung gebracht, die den nat\u00fcrlichen Energiebahnen folgt.<br \/>\n<\/h2>\n<h2>Sollten sich auf dem Weg Blockaden, physischer oder psychischer Natur befinden, k\u00f6nnen diese aufgel\u00f6st, umgewandelt oder beseitigt werden, so da\u00df der K\u00f6rper wieder in seine urspr\u00fcnglichen Zustand der Harmonie kommt.<br \/>\n<\/h2>\n<p>\t\t\t<a href=\"https:\/\/healing-touch.eu\/treatment\" role=\"button\"><br \/>\n\t\t\t\t\t\tMEHR INFO<br \/>\n\t\t\t\t\t<\/a><\/p>\n<h1>Geistige Fernbehandlung<\/h1>\n<h2>Bei einer geistigen Fernbehandlung ist die pers\u00f6nliche Anwesentheit nicht erforderlich. Der Klient liegt oder sitzt w\u00e4hrend der geistigen Fernbehandlung entspannt zu Hause oder wo immer er sich gerade aufh\u00e4lt. Die Distanz spielt keine Rolle. Die R\u00fcckmeldungen meiner Klienten spechen f\u00fcr sich\u2026..<\/h2>\n<p>\t\t\t<a href=\"https:\/\/healing-touch.eu\/spiritual-treatmet\" role=\"button\"><br \/>\n\t\t\t\t\t\tMEHR INFO<br \/>\n\t\t\t\t\t<\/a><br \/>\n\t\t\t\t\t\t\t\t\t\t\t\t\t\t\t<img decoding=\"async\" width=\"700\" height=\"600\" src=\"https:\/\/healing-touch.eu\/wp-content\/uploads\/2022\/01\/Praxis2-scaled-ogptoli32mlo27c2l1fvvkkip572hjhqvkkyb09xm8.jpg\" alt=\"\" loading=\"lazy\" srcset=\"https:\/\/healing-touch.eu\/wp-content\/uploads\/2022\/01\/Praxis2-scaled-ogptoli32mlo27c2l1fvvkkip572hjhqvkkyb09xm8.jpg 700w, https:\/\/healing-touch.eu\/wp-content\/uploads\/2022\/01\/Praxis2-scaled-ogptoli32mlo27c2l1fvvkkip572hjhqvkkyb09xm8-300x257.jpg 300w\" sizes=\"auto, (max-width: 700px) 100vw, 700px\" \/>\t\t\t\t\t\t\t\t\t\t\t\t\t\t\t<\/p>\n<h2>\nJin Shin Jyutsu kann helfen bei:<br \/>\n<\/h2>\n<link rel=\"stylesheet\" href=\"https:\/\/healing-touch.eu\/wp-content\/plugins\/elementor\/assets\/css\/widget-icon-list.min.css\">\n<ul>\n<li>\n\t\t\t\t\t\t\t\t\t\tAggression\n\t\t\t\t\t\t\t\t\t<\/li>\n<li>\n\t\t\t\t\t\t\t\t\t\tAngst, Stress, S\u00fcchten\n\t\t\t\t\t\t\t\t\t<\/li>\n<li>\n\t\t\t\t\t\t\t\t\t\tSchock, Wut, Trauer, Sorge\n\t\t\t\t\t\t\t\t\t<\/li>\n<li>\n\t\t\t\t\t\t\t\t\t\tSchwangerschaft, Beckenendlage\n\t\t\t\t\t\t\t\t\t<\/li>\n<li>\n\t\t\t\t\t\t\t\t\t\tKopf-, R\u00fccken-, Gliederschmerzen\n\t\t\t\t\t\t\t\t\t<\/li>\n<li>\n\t\t\t\t\t\t\t\t\t\tMigr\u00e4ne, Tinnitus, Atemproblemen\n\t\t\t\t\t\t\t\t\t<\/li>\n<li>\n\t\t\t\t\t\t\t\t\t\t Heuschnupfen, Fieber, Grippe\n\t\t\t\t\t\t\t\t\t<\/li>\n<li>\n\t\t\t\t\t\t\t\t\t\tIschiasnerv-, Bandscheibenreizung\n\t\t\t\t\t\t\t\t\t<\/li>\n<li>\n\t\t\t\t\t\t\t\t\t\t Abgespanntheit, M\u00fcdigkeit\n\t\t\t\t\t\t\t\t\t<\/li>\n<li>\n\t\t\t\t\t\t\t\t\t\tDepressionen, Unruhe\n\t\t\t\t\t\t\t\t\t<\/li>\n<li>\n\t\t\t\t\t\t\t\t\t\tSchlafst\u00f6rungen\n\t\t\t\t\t\t\t\t\t<\/li>\n<li>\n\t\t\t\t\t\t\t\t\t\tund vielen anderen Symptomen die durch Blockierungen des Energieflusses in K\u00f6rper, Geist und Seele hervorgerufen wurden\u2026\n\t\t\t\t\t\t\t\t\t<\/li>\n<\/ul>\n<p>\t\t\t<a href=\"https:\/\/healing-touch.eu\/application-areas\" role=\"button\"><br \/>\n\t\t\t\t\t\tMEHR INFO<br \/>\n\t\t\t\t\t<\/a><br \/>\n\t\t\t\t\t\t\t\t\t\t\t\t\t\t\t<img decoding=\"async\" width=\"500\" height=\"650\" src=\"https:\/\/healing-touch.eu\/wp-content\/uploads\/2022\/01\/20191108_154730-scaled-ogpunqos5x662tbkdlaj7b795pod5ciz3n8r11j0is.jpg\" alt=\"\" loading=\"lazy\" srcset=\"https:\/\/healing-touch.eu\/wp-content\/uploads\/2022\/01\/20191108_154730-scaled-ogpunqos5x662tbkdlaj7b795pod5ciz3n8r11j0is.jpg 500w, https:\/\/healing-touch.eu\/wp-content\/uploads\/2022\/01\/20191108_154730-scaled-ogpunqos5x662tbkdlaj7b795pod5ciz3n8r11j0is-231x300.jpg 231w\" sizes=\"auto, (max-width: 500px) 100vw, 500px\" \/>\n\t\t\t<link rel=\"stylesheet\" href=\"https:\/\/healing-touch.eu\/wp-content\/plugins\/elementor\/assets\/css\/widget-icon-box.min.css\">\n<h3>\n\t\t\t\t\t\tK\u00f6rper<br \/>\n\t\t\t\t<\/h3>\n<p>\n\t\t\t\t\t\tGesundheit\t\t\t\t\t<\/p>\n<h3>\n\t\t\t\t\t\tGeist<br \/>\n\t\t\t\t<\/h3>\n<p>\n\t\t\t\t\t\tBewu\u00dftsein\t\t\t\t\t<\/p>\n<h3>\n\t\t\t\t\t\tSeele<br \/>\n\t\t\t\t<\/h3>\n<p>\n\t\t\t\t\t\tLiebe\t\t\t\t\t<\/p>\n<h4>Seit vielen Jahren erfolgreich als Stuntman t\u00e4tig, endeckte ich auf meinem Weg, nach tiefgehenden Verletzungen, das Potenial meiner eigenen Selbstheilungskr\u00e4fte.<br \/>\nAuf meiner \u201eSuche nach Innen\u201c traf ich die Meditation und die Kunst des \u201eJin Shin Jyutsu\u201c, zwei f\u00fcr mich unentbehrliche Werkzeuge auf meinem Spirituellen Weg\u2026<\/h4>\n<style>\/*! elementor - v3.6.5 - 27-04-2022 *\/\n.elementor-image-gallery .gallery-item{display:inline-block;text-align:center;vertical-align:top;width:100%;max-width:100%;margin:0 auto}.elementor-image-gallery .gallery-item img{margin:0 auto}.elementor-image-gallery .gallery-item .gallery-caption{margin:0}.elementor-image-gallery figure img{display:block}.elementor-image-gallery figure figcaption{width:100%}.gallery-spacing-custom .elementor-image-gallery .gallery-icon{padding:0}@media (min-width:768px){.elementor-image-gallery .gallery-columns-2 .gallery-item{max-width:50%}.elementor-image-gallery .gallery-columns-3 .gallery-item{max-width:33.33%}.elementor-image-gallery .gallery-columns-4 .gallery-item{max-width:25%}.elementor-image-gallery .gallery-columns-5 .gallery-item{max-width:20%}.elementor-image-gallery .gallery-columns-6 .gallery-item{max-width:16.666%}.elementor-image-gallery .gallery-columns-7 .gallery-item{max-width:14.28%}.elementor-image-gallery .gallery-columns-8 .gallery-item{max-width:12.5%}.elementor-image-gallery .gallery-columns-9 .gallery-item{max-width:11.11%}.elementor-image-gallery .gallery-columns-10 .gallery-item{max-width:10%}}@media (min-width:480px) and (max-width:767px){.elementor-image-gallery .gallery.gallery-columns-2 .gallery-item,.elementor-image-gallery .gallery.gallery-columns-3 .gallery-item,.elementor-image-gallery .gallery.gallery-columns-4 .gallery-item,.elementor-image-gallery .gallery.gallery-columns-5 .gallery-item,.elementor-image-gallery .gallery.gallery-columns-6 .gallery-item,.elementor-image-gallery .gallery.gallery-columns-7 .gallery-item,.elementor-image-gallery .gallery.gallery-columns-8 .gallery-item,.elementor-image-gallery .gallery.gallery-columns-9 .gallery-item,.elementor-image-gallery .gallery.gallery-columns-10 .gallery-item{max-width:50%}}@media (max-width:479px){.elementor-image-gallery .gallery.gallery-columns-2 .gallery-item,.elementor-image-gallery .gallery.gallery-columns-3 .gallery-item,.elementor-image-gallery .gallery.gallery-columns-4 .gallery-item,.elementor-image-gallery .gallery.gallery-columns-5 .gallery-item,.elementor-image-gallery .gallery.gallery-columns-6 .gallery-item,.elementor-image-gallery .gallery.gallery-columns-7 .gallery-item,.elementor-image-gallery .gallery.gallery-columns-8 .gallery-item,.elementor-image-gallery .gallery.gallery-columns-9 .gallery-item,.elementor-image-gallery .gallery.gallery-columns-10 .gallery-item{max-width:100%}}<\/style>\n<figure class='gallery-item'>\n\t\t\t\t<a data-elementor-open-lightbox=\"yes\" data-elementor-lightbox-slideshow=\"c911c53\" data-elementor-lightbox-title=\"20191019_180049\" e-action-hash=\"#elementor-action%3Aaction%3Dlightbox%26settings%3DeyJpZCI6NDQsInVybCI6Imh0dHBzOlwvXC9oZWFsaW5nLXRvdWNoLmV1XC93cC1jb250ZW50XC91cGxvYWRzXC8yMDIyXC8wMVwvMjAxOTEwMTlfMTgwMDQ5LmpwZyIsInNsaWRlc2hvdyI6ImM5MTFjNTMifQ%3D%3D\" href='https:\/\/healing-touch.eu\/wp-content\/uploads\/2022\/01\/20191019_180049.jpg'><img decoding=\"async\" width=\"150\" height=\"150\" src=\"https:\/\/healing-touch.eu\/wp-content\/uploads\/2022\/01\/20191019_180049-150x150.jpg\" alt=\"\" loading=\"lazy\" \/><\/a><br \/>\n\t\t\t<\/figure>\n<h2>Markus Ren\u00e9 P\u00fctterich<\/h2>\n<h2>Jin Shin Jyutsu Practitioner<\/h2>\n<p>Haben Sie sich f\u00fcr eine Behandlung entschieden,<br \/>rufen Sie mich einfach an<br \/>Mobil: 0171 80 58 227<br \/>oder schreiben Sie mir eine WhatsApp<br \/>In dringenden F\u00e4llen 7 Tage die Woche.<\/p>\n<h2>Kontakt:<\/h2>\n<p>Jin Shin Jyutsu im Raum Regensburg<\/p>\n<p>Markus Ren\u00e9 P\u00fctterich<\/p>\n<p>KandIstr. 11<br \/>93098 Mintraching \/ Moosham<br \/>Mobil: 0171 80 58 227<\/p>\n<p>info@healing-touch.eu<\/p>\n<p>93098 Mintraching, Germany<\/p>\n<style>\/*! elementor - v3.6.5 - 27-04-2022 *\/\n.elementor-widget-google_maps .elementor-widget-container{overflow:hidden}.elementor-widget-google_maps iframe{height:300px}<\/style>\n<p>\t\t\t<iframe frameborder=\"0\" scrolling=\"no\" marginheight=\"0\" marginwidth=\"0\"\n\t\t\t\t\tsrc=\"https:\/\/www.google.com\/maps\/embed\/v1\/place?key=AIzaSyAUc1unRaNerzDgBYkrLJ8tye0M325a7XU&#038;q=Kandlstr.11%2093098%20Mintraching&#038;zoom=10\"\n\t\t\t\t\ttitle=\"Kandlstr.11 93098 Mintraching\"\n\t\t\t\t\taria-label=\"Kandlstr.11 93098 Mintraching\"\n\t\t\t><\/iframe><\/p>\n","protected":false},"excerpt":{"rendered":"<p>Healing Touch Jin Shin Jyutsu Eine Jahrtausende alte Heilkunst Schon die alten \u00c4gypter und Inder waren sich dieser kraftvollen Kunst bewu\u00dft. MEHR INFO Das sogenannte Str\u00f6men Durch das Auflegen der H\u00e4nde auf die sich im K\u00f6rper befindlichen Energie-Schl\u00f6sser, wird eine Art Funken (Energie) in Bewegung gebracht, die den nat\u00fcrlichen Energiebahnen folgt. Sollten sich auf dem [&hellip;]<\/p>\n","protected":false},"author":2,"featured_media":0,"parent":0,"menu_order":0,"comment_status":"closed","ping_status":"closed","template":"elementor_header_footer","meta":{"footnotes":""},"class_list":["post-6","page","type-page","status-publish","hentry","entry"],"_links":{"self":[{"href":"https:\/\/healing-touch.eu\/en\/wp-json\/wp\/v2\/pages\/6","targetHints":{"allow":["GET"]}}],"collection":[{"href":"https:\/\/healing-touch.eu\/en\/wp-json\/wp\/v2\/pages"}],"about":[{"href":"https:\/\/healing-touch.eu\/en\/wp-json\/wp\/v2\/types\/page"}],"author":[{"embeddable":true,"href":"https:\/\/healing-touch.eu\/en\/wp-json\/wp\/v2\/users\/2"}],"replies":[{"embeddable":true,"href":"https:\/\/healing-touch.eu\/en\/wp-json\/wp\/v2\/comments?post=6"}],"version-history":[{"count":251,"href":"https:\/\/healing-touch.eu\/en\/wp-json\/wp\/v2\/pages\/6\/revisions"}],"predecessor-version":[{"id":575,"href":"https:\/\/healing-touch.eu\/en\/wp-json\/wp\/v2\/pages\/6\/revisions\/575"}],"wp:attachment":[{"href":"https:\/\/healing-touch.eu\/en\/wp-json\/wp\/v2\/media?parent=6"}],"curies":[{"name":"wp","href":"https:\/\/api.w.org\/{rel}","templated":true}]}}